{"id":2999,"date":"2024-09-16T10:21:57","date_gmt":"2024-09-16T10:21:57","guid":{"rendered":"https:\/\/bellegrave-du-poujeau.com\/produit\/chateau-bellegrave-du-poujeau-2019-75cl\/"},"modified":"2025-04-23T08:26:37","modified_gmt":"2025-04-23T08:26:37","slug":"chateau-bellegrave-du-poujeau-2019-75cl","status":"publish","type":"product","link":"https:\/\/bellegrave-du-poujeau.com\/en\/produit\/chateau-bellegrave-du-poujeau-2019-75cl\/","title":{"rendered":"Ch\u00e2teau Bellegrave du Poujeau 2019 &#8211; 75cl"},"content":{"rendered":"<p>The 2019 vintage of Ch\u00e2teau Bellegrave du Poujeau stands out for its freshness, lightness and balance, with notes of ripe, crisp red fruits, wildflowers, and subtle hints of spices, supported by well-rounded tannins.<\/p>\n<p><strong>Characteristics:<\/strong><\/p>\n<ul>\n<li>Appellation: AOC Haut-M\u00e9doc<\/li>\n<li>Alcohol: 12.5% vol<\/li>\n<li>Serving temperature: 17 &#8211; 18\u00b0C, open 1 hour before serving<\/li>\n<li>Consumption: 2022-2030<\/li>\n<\/ul>\n","protected":false},"excerpt":{"rendered":"<p>The 2019 vintage of Ch\u00e2teau Bellegrave du Poujeau stands out for its freshness, lightness and balance, with notes of ripe, crisp red fruits, wildflowers, and subtle hints of spices, supported by well-rounded tannins. Characteristics: Appellation: AOC Haut-M\u00e9doc Alcohol: 12.5% vol Serving temperature: 17 &#8211; 18\u00b0C, open 1 hour before serving Consumption: 2022-2030<\/p>\n","protected":false},"featured_media":2927,"template":"","meta":{"_acf_changed":false},"product_brand":[],"product_cat":[58],"product_tag":[],"class_list":{"0":"post-2999","1":"product","2":"type-product","3":"status-publish","4":"has-post-thumbnail","6":"product_cat-chateau-bellegrave-du-poujeau-en","7":"product_shipping_class-bottle","9":"first","10":"outofstock","11":"taxable","12":"shipping-taxable","13":"purchasable","14":"product-type-simple"},"acf":[],"yoast_head":"<!-- This site is optimized with the Yoast SEO plugin v27.4 - https:\/\/yoast.com\/product\/yoast-seo-wordpress\/ -->\n<title>Ch\u00e2teau Bellegrave du Poujeau 2019 - 75cl | Ch\u00e2teau Bellegrave du Poujeau<\/title>\n<meta name=\"robots\" content=\"index, follow, max-snippet:-1, max-image-preview:large, max-video-preview:-1\" \/>\n<link rel=\"canonical\" href=\"https:\/\/bellegrave-du-poujeau.com\/en\/produit\/chateau-bellegrave-du-poujeau-2019-75cl\/\" \/>\n<meta property=\"og:locale\" content=\"en_US\" \/>\n<meta property=\"og:type\" content=\"article\" \/>\n<meta property=\"og:title\" content=\"Ch\u00e2teau Bellegrave du Poujeau 2019 - 75cl | Ch\u00e2teau Bellegrave du Poujeau\" \/>\n<meta property=\"og:description\" content=\"The 2019 vintage of Ch\u00e2teau Bellegrave du Poujeau stands out for its freshness, lightness and balance, with notes of ripe, crisp red fruits, wildflowers, and subtle hints of spices, supported by well-rounded tannins. Characteristics: Appellation: AOC Haut-M\u00e9doc Alcohol: 12.5% vol Serving temperature: 17 &#8211; 18\u00b0C, open 1 hour before serving Consumption: 2022-2030\" \/>\n<meta property=\"og:url\" content=\"https:\/\/bellegrave-du-poujeau.com\/en\/produit\/chateau-bellegrave-du-poujeau-2019-75cl\/\" \/>\n<meta property=\"og:site_name\" content=\"Ch\u00e2teau Bellegrave du Poujeau\" \/>\n<meta property=\"article:modified_time\" content=\"2025-04-23T08:26:37+00:00\" \/>\n<meta property=\"og:image\" content=\"https:\/\/bellegrave-du-poujeau.com\/wp-content\/uploads\/2024\/10\/Chateau-Bellegrave-du-Poujeau-2019-75cl-scaled.jpg\" \/>\n\t<meta property=\"og:image:width\" content=\"1707\" \/>\n\t<meta property=\"og:image:height\" content=\"2560\" \/>\n\t<meta property=\"og:image:type\" content=\"image\/jpeg\" \/>\n<meta name=\"twitter:card\" content=\"summary_large_image\" \/>\n<script type=\"application\/ld+json\" class=\"yoast-schema-graph\">{\"@context\":\"https:\\\/\\\/schema.org\",\"@graph\":[{\"@type\":\"WebPage\",\"@id\":\"https:\\\/\\\/bellegrave-du-poujeau.com\\\/en\\\/produit\\\/chateau-bellegrave-du-poujeau-2019-75cl\\\/\",\"url\":\"https:\\\/\\\/bellegrave-du-poujeau.com\\\/en\\\/produit\\\/chateau-bellegrave-du-poujeau-2019-75cl\\\/\",\"name\":\"Ch\u00e2teau Bellegrave du Poujeau 2019 - 75cl | Ch\u00e2teau Bellegrave du Poujeau\",\"isPartOf\":{\"@id\":\"https:\\\/\\\/bellegrave-du-poujeau.com\\\/en\\\/#website\"},\"primaryImageOfPage\":{\"@id\":\"https:\\\/\\\/bellegrave-du-poujeau.com\\\/en\\\/produit\\\/chateau-bellegrave-du-poujeau-2019-75cl\\\/#primaryimage\"},\"image\":{\"@id\":\"https:\\\/\\\/bellegrave-du-poujeau.com\\\/en\\\/produit\\\/chateau-bellegrave-du-poujeau-2019-75cl\\\/#primaryimage\"},\"thumbnailUrl\":\"https:\\\/\\\/bellegrave-du-poujeau.com\\\/wp-content\\\/uploads\\\/2024\\\/10\\\/Chateau-Bellegrave-du-Poujeau-2019-75cl-scaled.jpg\",\"datePublished\":\"2024-09-16T10:21:57+00:00\",\"dateModified\":\"2025-04-23T08:26:37+00:00\",\"breadcrumb\":{\"@id\":\"https:\\\/\\\/bellegrave-du-poujeau.com\\\/en\\\/produit\\\/chateau-bellegrave-du-poujeau-2019-75cl\\\/#breadcrumb\"},\"inLanguage\":\"en-US\",\"potentialAction\":[{\"@type\":\"ReadAction\",\"target\":[\"https:\\\/\\\/bellegrave-du-poujeau.com\\\/en\\\/produit\\\/chateau-bellegrave-du-poujeau-2019-75cl\\\/\"]}]},{\"@type\":\"ImageObject\",\"inLanguage\":\"en-US\",\"@id\":\"https:\\\/\\\/bellegrave-du-poujeau.com\\\/en\\\/produit\\\/chateau-bellegrave-du-poujeau-2019-75cl\\\/#primaryimage\",\"url\":\"https:\\\/\\\/bellegrave-du-poujeau.com\\\/wp-content\\\/uploads\\\/2024\\\/10\\\/Chateau-Bellegrave-du-Poujeau-2019-75cl-scaled.jpg\",\"contentUrl\":\"https:\\\/\\\/bellegrave-du-poujeau.com\\\/wp-content\\\/uploads\\\/2024\\\/10\\\/Chateau-Bellegrave-du-Poujeau-2019-75cl-scaled.jpg\",\"width\":1707,\"height\":2560},{\"@type\":\"BreadcrumbList\",\"@id\":\"https:\\\/\\\/bellegrave-du-poujeau.com\\\/en\\\/produit\\\/chateau-bellegrave-du-poujeau-2019-75cl\\\/#breadcrumb\",\"itemListElement\":[{\"@type\":\"ListItem\",\"position\":1,\"name\":\"Accueil\",\"item\":\"https:\\\/\\\/bellegrave-du-poujeau.com\\\/en\\\/home\\\/\"},{\"@type\":\"ListItem\",\"position\":2,\"name\":\"The wine shop\",\"item\":\"https:\\\/\\\/bellegrave-du-poujeau.com\\\/en\\\/shop\\\/\"},{\"@type\":\"ListItem\",\"position\":3,\"name\":\"Ch\u00e2teau Bellegrave du Poujeau 2019 &#8211; 75cl\"}]},{\"@type\":\"WebSite\",\"@id\":\"https:\\\/\\\/bellegrave-du-poujeau.com\\\/en\\\/#website\",\"url\":\"https:\\\/\\\/bellegrave-du-poujeau.com\\\/en\\\/\",\"name\":\"Ch\u00e2teau Bellegrave du Poujeau\",\"description\":\"\",\"publisher\":{\"@id\":\"https:\\\/\\\/bellegrave-du-poujeau.com\\\/en\\\/#organization\"},\"alternateName\":\"Bellegrave du Poujeau\",\"potentialAction\":[{\"@type\":\"SearchAction\",\"target\":{\"@type\":\"EntryPoint\",\"urlTemplate\":\"https:\\\/\\\/bellegrave-du-poujeau.com\\\/en\\\/?s={search_term_string}\"},\"query-input\":{\"@type\":\"PropertyValueSpecification\",\"valueRequired\":true,\"valueName\":\"search_term_string\"}}],\"inLanguage\":\"en-US\"},{\"@type\":\"Organization\",\"@id\":\"https:\\\/\\\/bellegrave-du-poujeau.com\\\/en\\\/#organization\",\"name\":\"Ch\u00e2teau Bellegrave du Poujeau\",\"url\":\"https:\\\/\\\/bellegrave-du-poujeau.com\\\/en\\\/\",\"logo\":{\"@type\":\"ImageObject\",\"inLanguage\":\"en-US\",\"@id\":\"https:\\\/\\\/bellegrave-du-poujeau.com\\\/en\\\/#\\\/schema\\\/logo\\\/image\\\/\",\"url\":\"https:\\\/\\\/bellegrave-du-poujeau.com\\\/wp-content\\\/uploads\\\/2024\\\/10\\\/logo-dore-bellegrave-poujeau.svg\",\"contentUrl\":\"https:\\\/\\\/bellegrave-du-poujeau.com\\\/wp-content\\\/uploads\\\/2024\\\/10\\\/logo-dore-bellegrave-poujeau.svg\",\"width\":95,\"height\":143,\"caption\":\"Ch\u00e2teau Bellegrave du Poujeau\"},\"image\":{\"@id\":\"https:\\\/\\\/bellegrave-du-poujeau.com\\\/en\\\/#\\\/schema\\\/logo\\\/image\\\/\"}}]}<\/script>\n<!-- \/ Yoast SEO plugin. -->","yoast_head_json":{"title":"Ch\u00e2teau Bellegrave du Poujeau 2019 - 75cl | Ch\u00e2teau Bellegrave du Poujeau","robots":{"index":"index","follow":"follow","max-snippet":"max-snippet:-1","max-image-preview":"max-image-preview:large","max-video-preview":"max-video-preview:-1"},"canonical":"https:\/\/bellegrave-du-poujeau.com\/en\/produit\/chateau-bellegrave-du-poujeau-2019-75cl\/","og_locale":"en_US","og_type":"article","og_title":"Ch\u00e2teau Bellegrave du Poujeau 2019 - 75cl | Ch\u00e2teau Bellegrave du Poujeau","og_description":"The 2019 vintage of Ch\u00e2teau Bellegrave du Poujeau stands out for its freshness, lightness and balance, with notes of ripe, crisp red fruits, wildflowers, and subtle hints of spices, supported by well-rounded tannins. Characteristics: Appellation: AOC Haut-M\u00e9doc Alcohol: 12.5% vol Serving temperature: 17 &#8211; 18\u00b0C, open 1 hour before serving Consumption: 2022-2030","og_url":"https:\/\/bellegrave-du-poujeau.com\/en\/produit\/chateau-bellegrave-du-poujeau-2019-75cl\/","og_site_name":"Ch\u00e2teau Bellegrave du Poujeau","article_modified_time":"2025-04-23T08:26:37+00:00","og_image":[{"width":1707,"height":2560,"url":"https:\/\/bellegrave-du-poujeau.com\/wp-content\/uploads\/2024\/10\/Chateau-Bellegrave-du-Poujeau-2019-75cl-scaled.jpg","type":"image\/jpeg"}],"twitter_card":"summary_large_image","schema":{"@context":"https:\/\/schema.org","@graph":[{"@type":"WebPage","@id":"https:\/\/bellegrave-du-poujeau.com\/en\/produit\/chateau-bellegrave-du-poujeau-2019-75cl\/","url":"https:\/\/bellegrave-du-poujeau.com\/en\/produit\/chateau-bellegrave-du-poujeau-2019-75cl\/","name":"Ch\u00e2teau Bellegrave du Poujeau 2019 - 75cl | Ch\u00e2teau Bellegrave du Poujeau","isPartOf":{"@id":"https:\/\/bellegrave-du-poujeau.com\/en\/#website"},"primaryImageOfPage":{"@id":"https:\/\/bellegrave-du-poujeau.com\/en\/produit\/chateau-bellegrave-du-poujeau-2019-75cl\/#primaryimage"},"image":{"@id":"https:\/\/bellegrave-du-poujeau.com\/en\/produit\/chateau-bellegrave-du-poujeau-2019-75cl\/#primaryimage"},"thumbnailUrl":"https:\/\/bellegrave-du-poujeau.com\/wp-content\/uploads\/2024\/10\/Chateau-Bellegrave-du-Poujeau-2019-75cl-scaled.jpg","datePublished":"2024-09-16T10:21:57+00:00","dateModified":"2025-04-23T08:26:37+00:00","breadcrumb":{"@id":"https:\/\/bellegrave-du-poujeau.com\/en\/produit\/chateau-bellegrave-du-poujeau-2019-75cl\/#breadcrumb"},"inLanguage":"en-US","potentialAction":[{"@type":"ReadAction","target":["https:\/\/bellegrave-du-poujeau.com\/en\/produit\/chateau-bellegrave-du-poujeau-2019-75cl\/"]}]},{"@type":"ImageObject","inLanguage":"en-US","@id":"https:\/\/bellegrave-du-poujeau.com\/en\/produit\/chateau-bellegrave-du-poujeau-2019-75cl\/#primaryimage","url":"https:\/\/bellegrave-du-poujeau.com\/wp-content\/uploads\/2024\/10\/Chateau-Bellegrave-du-Poujeau-2019-75cl-scaled.jpg","contentUrl":"https:\/\/bellegrave-du-poujeau.com\/wp-content\/uploads\/2024\/10\/Chateau-Bellegrave-du-Poujeau-2019-75cl-scaled.jpg","width":1707,"height":2560},{"@type":"BreadcrumbList","@id":"https:\/\/bellegrave-du-poujeau.com\/en\/produit\/chateau-bellegrave-du-poujeau-2019-75cl\/#breadcrumb","itemListElement":[{"@type":"ListItem","position":1,"name":"Accueil","item":"https:\/\/bellegrave-du-poujeau.com\/en\/home\/"},{"@type":"ListItem","position":2,"name":"The wine shop","item":"https:\/\/bellegrave-du-poujeau.com\/en\/shop\/"},{"@type":"ListItem","position":3,"name":"Ch\u00e2teau Bellegrave du Poujeau 2019 &#8211; 75cl"}]},{"@type":"WebSite","@id":"https:\/\/bellegrave-du-poujeau.com\/en\/#website","url":"https:\/\/bellegrave-du-poujeau.com\/en\/","name":"Ch\u00e2teau Bellegrave du Poujeau","description":"","publisher":{"@id":"https:\/\/bellegrave-du-poujeau.com\/en\/#organization"},"alternateName":"Bellegrave du Poujeau","potentialAction":[{"@type":"SearchAction","target":{"@type":"EntryPoint","urlTemplate":"https:\/\/bellegrave-du-poujeau.com\/en\/?s={search_term_string}"},"query-input":{"@type":"PropertyValueSpecification","valueRequired":true,"valueName":"search_term_string"}}],"inLanguage":"en-US"},{"@type":"Organization","@id":"https:\/\/bellegrave-du-poujeau.com\/en\/#organization","name":"Ch\u00e2teau Bellegrave du Poujeau","url":"https:\/\/bellegrave-du-poujeau.com\/en\/","logo":{"@type":"ImageObject","inLanguage":"en-US","@id":"https:\/\/bellegrave-du-poujeau.com\/en\/#\/schema\/logo\/image\/","url":"https:\/\/bellegrave-du-poujeau.com\/wp-content\/uploads\/2024\/10\/logo-dore-bellegrave-poujeau.svg","contentUrl":"https:\/\/bellegrave-du-poujeau.com\/wp-content\/uploads\/2024\/10\/logo-dore-bellegrave-poujeau.svg","width":95,"height":143,"caption":"Ch\u00e2teau Bellegrave du Poujeau"},"image":{"@id":"https:\/\/bellegrave-du-poujeau.com\/en\/#\/schema\/logo\/image\/"}}]}},"_links":{"self":[{"href":"https:\/\/bellegrave-du-poujeau.com\/en\/wp-json\/wp\/v2\/product\/2999","targetHints":{"allow":["GET"]}}],"collection":[{"href":"https:\/\/bellegrave-du-poujeau.com\/en\/wp-json\/wp\/v2\/product"}],"about":[{"href":"https:\/\/bellegrave-du-poujeau.com\/en\/wp-json\/wp\/v2\/types\/product"}],"version-history":[{"count":2,"href":"https:\/\/bellegrave-du-poujeau.com\/en\/wp-json\/wp\/v2\/product\/2999\/revisions"}],"predecessor-version":[{"id":3081,"href":"https:\/\/bellegrave-du-poujeau.com\/en\/wp-json\/wp\/v2\/product\/2999\/revisions\/3081"}],"wp:featuredmedia":[{"embeddable":true,"href":"https:\/\/bellegrave-du-poujeau.com\/en\/wp-json\/wp\/v2\/media\/2927"}],"wp:attachment":[{"href":"https:\/\/bellegrave-du-poujeau.com\/en\/wp-json\/wp\/v2\/media?parent=2999"}],"wp:term":[{"taxonomy":"product_brand","embeddable":true,"href":"https:\/\/bellegrave-du-poujeau.com\/en\/wp-json\/wp\/v2\/product_brand?post=2999"},{"taxonomy":"product_cat","embeddable":true,"href":"https:\/\/bellegrave-du-poujeau.com\/en\/wp-json\/wp\/v2\/product_cat?post=2999"},{"taxonomy":"product_tag","embeddable":true,"href":"https:\/\/bellegrave-du-poujeau.com\/en\/wp-json\/wp\/v2\/product_tag?post=2999"}],"curies":[{"name":"wp","href":"https:\/\/api.w.org\/{rel}","templated":true}]}}