{"id":3013,"date":"2024-09-16T10:30:02","date_gmt":"2024-09-16T10:30:02","guid":{"rendered":"https:\/\/bellegrave-du-poujeau.com\/produit\/le-rose-de-bellegrave-du-poujeau-2023-75cl\/"},"modified":"2025-04-23T08:46:49","modified_gmt":"2025-04-23T08:46:49","slug":"le-rose-de-bellegrave-du-poujeau-2023-75cl","status":"publish","type":"product","link":"https:\/\/bellegrave-du-poujeau.com\/en\/produit\/le-rose-de-bellegrave-du-poujeau-2023-75cl\/","title":{"rendered":"Le Ros\u00e9 de Bellegrave du Poujeau 2023 &#8211; 75cl"},"content":{"rendered":"<p>With a beautiful, pale, shimmering pink hue, Le Ros\u00e9 de Bellegrave du Poujeau combines lovely aromas of red fruits with floral and citrus notes, and a fresh, indulgent palate characterized by elegant aromatic persistence.<\/p>\n<p>Ideal for prolonging summer all year round.<\/p>\n<p><strong>Characteristics:<\/strong><\/p>\n<ul>\n<li>Appellation: Vin de France<\/li>\n<li>Alcohol: 13.5% vol<\/li>\n<li>Serving temperature: 10 &#8211; 12\u00b0C<\/li>\n<li>Consumption: 2023-2026<\/li>\n<\/ul>\n","protected":false},"excerpt":{"rendered":"<p>With a beautiful, pale, shimmering pink hue, Le Ros\u00e9 de Bellegrave du Poujeau combines lovely aromas of red fruits with floral and citrus notes, and a fresh, indulgent palate characterized by elegant aromatic persistence. Ideal for prolonging summer all year round. Characteristics: Appellation: Vin de France Alcohol: 13.5% vol Serving temperature: 10 &#8211; 12\u00b0C Consumption: [&hellip;]<\/p>\n","protected":false},"featured_media":2923,"template":"","meta":{"_acf_changed":false},"product_brand":[],"product_cat":[],"product_tag":[],"class_list":{"0":"post-3013","1":"product","2":"type-product","3":"status-publish","4":"has-post-thumbnail","7":"first","8":"outofstock","9":"taxable","10":"shipping-taxable","11":"purchasable","12":"product-type-simple"},"acf":[],"yoast_head":"<!-- This site is optimized with the Yoast SEO plugin v27.4 - https:\/\/yoast.com\/product\/yoast-seo-wordpress\/ -->\n<title>Le Ros\u00e9 de Bellegrave du Poujeau 2023 - 75cl | Ch\u00e2teau Bellegrave du Poujeau<\/title>\n<meta name=\"robots\" content=\"index, follow, max-snippet:-1, max-image-preview:large, max-video-preview:-1\" \/>\n<link rel=\"canonical\" href=\"https:\/\/bellegrave-du-poujeau.com\/en\/produit\/le-rose-de-bellegrave-du-poujeau-2023-75cl\/\" \/>\n<meta property=\"og:locale\" content=\"en_US\" \/>\n<meta property=\"og:type\" content=\"article\" \/>\n<meta property=\"og:title\" content=\"Le Ros\u00e9 de Bellegrave du Poujeau 2023 - 75cl | Ch\u00e2teau Bellegrave du Poujeau\" \/>\n<meta property=\"og:description\" content=\"With a beautiful, pale, shimmering pink hue, Le Ros\u00e9 de Bellegrave du Poujeau combines lovely aromas of red fruits with floral and citrus notes, and a fresh, indulgent palate characterized by elegant aromatic persistence. Ideal for prolonging summer all year round. Characteristics: Appellation: Vin de France Alcohol: 13.5% vol Serving temperature: 10 &#8211; 12\u00b0C Consumption: [&hellip;]\" \/>\n<meta property=\"og:url\" content=\"https:\/\/bellegrave-du-poujeau.com\/en\/produit\/le-rose-de-bellegrave-du-poujeau-2023-75cl\/\" \/>\n<meta property=\"og:site_name\" content=\"Ch\u00e2teau Bellegrave du Poujeau\" \/>\n<meta property=\"article:modified_time\" content=\"2025-04-23T08:46:49+00:00\" \/>\n<meta property=\"og:image\" content=\"https:\/\/bellegrave-du-poujeau.com\/wp-content\/uploads\/2024\/09\/Le-Rose-de-Bellegrave-du-Poujeau-2023-75-cl-scaled.jpg\" \/>\n\t<meta property=\"og:image:width\" content=\"1706\" \/>\n\t<meta property=\"og:image:height\" content=\"2560\" \/>\n\t<meta property=\"og:image:type\" content=\"image\/jpeg\" \/>\n<meta name=\"twitter:card\" content=\"summary_large_image\" \/>\n<script type=\"application\/ld+json\" class=\"yoast-schema-graph\">{\"@context\":\"https:\\\/\\\/schema.org\",\"@graph\":[{\"@type\":\"WebPage\",\"@id\":\"https:\\\/\\\/bellegrave-du-poujeau.com\\\/en\\\/produit\\\/le-rose-de-bellegrave-du-poujeau-2023-75cl\\\/\",\"url\":\"https:\\\/\\\/bellegrave-du-poujeau.com\\\/en\\\/produit\\\/le-rose-de-bellegrave-du-poujeau-2023-75cl\\\/\",\"name\":\"Le Ros\u00e9 de Bellegrave du Poujeau 2023 - 75cl | Ch\u00e2teau Bellegrave du Poujeau\",\"isPartOf\":{\"@id\":\"https:\\\/\\\/bellegrave-du-poujeau.com\\\/en\\\/#website\"},\"primaryImageOfPage\":{\"@id\":\"https:\\\/\\\/bellegrave-du-poujeau.com\\\/en\\\/produit\\\/le-rose-de-bellegrave-du-poujeau-2023-75cl\\\/#primaryimage\"},\"image\":{\"@id\":\"https:\\\/\\\/bellegrave-du-poujeau.com\\\/en\\\/produit\\\/le-rose-de-bellegrave-du-poujeau-2023-75cl\\\/#primaryimage\"},\"thumbnailUrl\":\"https:\\\/\\\/bellegrave-du-poujeau.com\\\/wp-content\\\/uploads\\\/2024\\\/09\\\/Le-Rose-de-Bellegrave-du-Poujeau-2023-75-cl-scaled.jpg\",\"datePublished\":\"2024-09-16T10:30:02+00:00\",\"dateModified\":\"2025-04-23T08:46:49+00:00\",\"breadcrumb\":{\"@id\":\"https:\\\/\\\/bellegrave-du-poujeau.com\\\/en\\\/produit\\\/le-rose-de-bellegrave-du-poujeau-2023-75cl\\\/#breadcrumb\"},\"inLanguage\":\"en-US\",\"potentialAction\":[{\"@type\":\"ReadAction\",\"target\":[\"https:\\\/\\\/bellegrave-du-poujeau.com\\\/en\\\/produit\\\/le-rose-de-bellegrave-du-poujeau-2023-75cl\\\/\"]}]},{\"@type\":\"ImageObject\",\"inLanguage\":\"en-US\",\"@id\":\"https:\\\/\\\/bellegrave-du-poujeau.com\\\/en\\\/produit\\\/le-rose-de-bellegrave-du-poujeau-2023-75cl\\\/#primaryimage\",\"url\":\"https:\\\/\\\/bellegrave-du-poujeau.com\\\/wp-content\\\/uploads\\\/2024\\\/09\\\/Le-Rose-de-Bellegrave-du-Poujeau-2023-75-cl-scaled.jpg\",\"contentUrl\":\"https:\\\/\\\/bellegrave-du-poujeau.com\\\/wp-content\\\/uploads\\\/2024\\\/09\\\/Le-Rose-de-Bellegrave-du-Poujeau-2023-75-cl-scaled.jpg\",\"width\":1706,\"height\":2560},{\"@type\":\"BreadcrumbList\",\"@id\":\"https:\\\/\\\/bellegrave-du-poujeau.com\\\/en\\\/produit\\\/le-rose-de-bellegrave-du-poujeau-2023-75cl\\\/#breadcrumb\",\"itemListElement\":[{\"@type\":\"ListItem\",\"position\":1,\"name\":\"Accueil\",\"item\":\"https:\\\/\\\/bellegrave-du-poujeau.com\\\/en\\\/home\\\/\"},{\"@type\":\"ListItem\",\"position\":2,\"name\":\"The wine shop\",\"item\":\"https:\\\/\\\/bellegrave-du-poujeau.com\\\/en\\\/shop\\\/\"},{\"@type\":\"ListItem\",\"position\":3,\"name\":\"Le Ros\u00e9 de Bellegrave du Poujeau 2023 &#8211; 75cl\"}]},{\"@type\":\"WebSite\",\"@id\":\"https:\\\/\\\/bellegrave-du-poujeau.com\\\/en\\\/#website\",\"url\":\"https:\\\/\\\/bellegrave-du-poujeau.com\\\/en\\\/\",\"name\":\"Ch\u00e2teau Bellegrave du Poujeau\",\"description\":\"\",\"publisher\":{\"@id\":\"https:\\\/\\\/bellegrave-du-poujeau.com\\\/en\\\/#organization\"},\"alternateName\":\"Bellegrave du Poujeau\",\"potentialAction\":[{\"@type\":\"SearchAction\",\"target\":{\"@type\":\"EntryPoint\",\"urlTemplate\":\"https:\\\/\\\/bellegrave-du-poujeau.com\\\/en\\\/?s={search_term_string}\"},\"query-input\":{\"@type\":\"PropertyValueSpecification\",\"valueRequired\":true,\"valueName\":\"search_term_string\"}}],\"inLanguage\":\"en-US\"},{\"@type\":\"Organization\",\"@id\":\"https:\\\/\\\/bellegrave-du-poujeau.com\\\/en\\\/#organization\",\"name\":\"Ch\u00e2teau Bellegrave du Poujeau\",\"url\":\"https:\\\/\\\/bellegrave-du-poujeau.com\\\/en\\\/\",\"logo\":{\"@type\":\"ImageObject\",\"inLanguage\":\"en-US\",\"@id\":\"https:\\\/\\\/bellegrave-du-poujeau.com\\\/en\\\/#\\\/schema\\\/logo\\\/image\\\/\",\"url\":\"https:\\\/\\\/bellegrave-du-poujeau.com\\\/wp-content\\\/uploads\\\/2024\\\/10\\\/logo-dore-bellegrave-poujeau.svg\",\"contentUrl\":\"https:\\\/\\\/bellegrave-du-poujeau.com\\\/wp-content\\\/uploads\\\/2024\\\/10\\\/logo-dore-bellegrave-poujeau.svg\",\"width\":95,\"height\":143,\"caption\":\"Ch\u00e2teau Bellegrave du Poujeau\"},\"image\":{\"@id\":\"https:\\\/\\\/bellegrave-du-poujeau.com\\\/en\\\/#\\\/schema\\\/logo\\\/image\\\/\"}}]}<\/script>\n<!-- \/ Yoast SEO plugin. -->","yoast_head_json":{"title":"Le Ros\u00e9 de Bellegrave du Poujeau 2023 - 75cl | Ch\u00e2teau Bellegrave du Poujeau","robots":{"index":"index","follow":"follow","max-snippet":"max-snippet:-1","max-image-preview":"max-image-preview:large","max-video-preview":"max-video-preview:-1"},"canonical":"https:\/\/bellegrave-du-poujeau.com\/en\/produit\/le-rose-de-bellegrave-du-poujeau-2023-75cl\/","og_locale":"en_US","og_type":"article","og_title":"Le Ros\u00e9 de Bellegrave du Poujeau 2023 - 75cl | Ch\u00e2teau Bellegrave du Poujeau","og_description":"With a beautiful, pale, shimmering pink hue, Le Ros\u00e9 de Bellegrave du Poujeau combines lovely aromas of red fruits with floral and citrus notes, and a fresh, indulgent palate characterized by elegant aromatic persistence. Ideal for prolonging summer all year round. Characteristics: Appellation: Vin de France Alcohol: 13.5% vol Serving temperature: 10 &#8211; 12\u00b0C Consumption: [&hellip;]","og_url":"https:\/\/bellegrave-du-poujeau.com\/en\/produit\/le-rose-de-bellegrave-du-poujeau-2023-75cl\/","og_site_name":"Ch\u00e2teau Bellegrave du Poujeau","article_modified_time":"2025-04-23T08:46:49+00:00","og_image":[{"width":1706,"height":2560,"url":"https:\/\/bellegrave-du-poujeau.com\/wp-content\/uploads\/2024\/09\/Le-Rose-de-Bellegrave-du-Poujeau-2023-75-cl-scaled.jpg","type":"image\/jpeg"}],"twitter_card":"summary_large_image","schema":{"@context":"https:\/\/schema.org","@graph":[{"@type":"WebPage","@id":"https:\/\/bellegrave-du-poujeau.com\/en\/produit\/le-rose-de-bellegrave-du-poujeau-2023-75cl\/","url":"https:\/\/bellegrave-du-poujeau.com\/en\/produit\/le-rose-de-bellegrave-du-poujeau-2023-75cl\/","name":"Le Ros\u00e9 de Bellegrave du Poujeau 2023 - 75cl | Ch\u00e2teau Bellegrave du Poujeau","isPartOf":{"@id":"https:\/\/bellegrave-du-poujeau.com\/en\/#website"},"primaryImageOfPage":{"@id":"https:\/\/bellegrave-du-poujeau.com\/en\/produit\/le-rose-de-bellegrave-du-poujeau-2023-75cl\/#primaryimage"},"image":{"@id":"https:\/\/bellegrave-du-poujeau.com\/en\/produit\/le-rose-de-bellegrave-du-poujeau-2023-75cl\/#primaryimage"},"thumbnailUrl":"https:\/\/bellegrave-du-poujeau.com\/wp-content\/uploads\/2024\/09\/Le-Rose-de-Bellegrave-du-Poujeau-2023-75-cl-scaled.jpg","datePublished":"2024-09-16T10:30:02+00:00","dateModified":"2025-04-23T08:46:49+00:00","breadcrumb":{"@id":"https:\/\/bellegrave-du-poujeau.com\/en\/produit\/le-rose-de-bellegrave-du-poujeau-2023-75cl\/#breadcrumb"},"inLanguage":"en-US","potentialAction":[{"@type":"ReadAction","target":["https:\/\/bellegrave-du-poujeau.com\/en\/produit\/le-rose-de-bellegrave-du-poujeau-2023-75cl\/"]}]},{"@type":"ImageObject","inLanguage":"en-US","@id":"https:\/\/bellegrave-du-poujeau.com\/en\/produit\/le-rose-de-bellegrave-du-poujeau-2023-75cl\/#primaryimage","url":"https:\/\/bellegrave-du-poujeau.com\/wp-content\/uploads\/2024\/09\/Le-Rose-de-Bellegrave-du-Poujeau-2023-75-cl-scaled.jpg","contentUrl":"https:\/\/bellegrave-du-poujeau.com\/wp-content\/uploads\/2024\/09\/Le-Rose-de-Bellegrave-du-Poujeau-2023-75-cl-scaled.jpg","width":1706,"height":2560},{"@type":"BreadcrumbList","@id":"https:\/\/bellegrave-du-poujeau.com\/en\/produit\/le-rose-de-bellegrave-du-poujeau-2023-75cl\/#breadcrumb","itemListElement":[{"@type":"ListItem","position":1,"name":"Accueil","item":"https:\/\/bellegrave-du-poujeau.com\/en\/home\/"},{"@type":"ListItem","position":2,"name":"The wine shop","item":"https:\/\/bellegrave-du-poujeau.com\/en\/shop\/"},{"@type":"ListItem","position":3,"name":"Le Ros\u00e9 de Bellegrave du Poujeau 2023 &#8211; 75cl"}]},{"@type":"WebSite","@id":"https:\/\/bellegrave-du-poujeau.com\/en\/#website","url":"https:\/\/bellegrave-du-poujeau.com\/en\/","name":"Ch\u00e2teau Bellegrave du Poujeau","description":"","publisher":{"@id":"https:\/\/bellegrave-du-poujeau.com\/en\/#organization"},"alternateName":"Bellegrave du Poujeau","potentialAction":[{"@type":"SearchAction","target":{"@type":"EntryPoint","urlTemplate":"https:\/\/bellegrave-du-poujeau.com\/en\/?s={search_term_string}"},"query-input":{"@type":"PropertyValueSpecification","valueRequired":true,"valueName":"search_term_string"}}],"inLanguage":"en-US"},{"@type":"Organization","@id":"https:\/\/bellegrave-du-poujeau.com\/en\/#organization","name":"Ch\u00e2teau Bellegrave du Poujeau","url":"https:\/\/bellegrave-du-poujeau.com\/en\/","logo":{"@type":"ImageObject","inLanguage":"en-US","@id":"https:\/\/bellegrave-du-poujeau.com\/en\/#\/schema\/logo\/image\/","url":"https:\/\/bellegrave-du-poujeau.com\/wp-content\/uploads\/2024\/10\/logo-dore-bellegrave-poujeau.svg","contentUrl":"https:\/\/bellegrave-du-poujeau.com\/wp-content\/uploads\/2024\/10\/logo-dore-bellegrave-poujeau.svg","width":95,"height":143,"caption":"Ch\u00e2teau Bellegrave du Poujeau"},"image":{"@id":"https:\/\/bellegrave-du-poujeau.com\/en\/#\/schema\/logo\/image\/"}}]}},"_links":{"self":[{"href":"https:\/\/bellegrave-du-poujeau.com\/en\/wp-json\/wp\/v2\/product\/3013","targetHints":{"allow":["GET"]}}],"collection":[{"href":"https:\/\/bellegrave-du-poujeau.com\/en\/wp-json\/wp\/v2\/product"}],"about":[{"href":"https:\/\/bellegrave-du-poujeau.com\/en\/wp-json\/wp\/v2\/types\/product"}],"version-history":[{"count":1,"href":"https:\/\/bellegrave-du-poujeau.com\/en\/wp-json\/wp\/v2\/product\/3013\/revisions"}],"predecessor-version":[{"id":3091,"href":"https:\/\/bellegrave-du-poujeau.com\/en\/wp-json\/wp\/v2\/product\/3013\/revisions\/3091"}],"wp:featuredmedia":[{"embeddable":true,"href":"https:\/\/bellegrave-du-poujeau.com\/en\/wp-json\/wp\/v2\/media\/2923"}],"wp:attachment":[{"href":"https:\/\/bellegrave-du-poujeau.com\/en\/wp-json\/wp\/v2\/media?parent=3013"}],"wp:term":[{"taxonomy":"product_brand","embeddable":true,"href":"https:\/\/bellegrave-du-poujeau.com\/en\/wp-json\/wp\/v2\/product_brand?post=3013"},{"taxonomy":"product_cat","embeddable":true,"href":"https:\/\/bellegrave-du-poujeau.com\/en\/wp-json\/wp\/v2\/product_cat?post=3013"},{"taxonomy":"product_tag","embeddable":true,"href":"https:\/\/bellegrave-du-poujeau.com\/en\/wp-json\/wp\/v2\/product_tag?post=3013"}],"curies":[{"name":"wp","href":"https:\/\/api.w.org\/{rel}","templated":true}]}}